{"id":3337,"date":"2026-02-02T13:15:49","date_gmt":"2026-02-02T13:15:49","guid":{"rendered":"https:\/\/restaurante.remenetxe.rkinformatika.online\/?page_id=3337"},"modified":"2026-02-02T13:25:21","modified_gmt":"2026-02-02T13:25:21","slug":"politicas-de-envio","status":"publish","type":"page","link":"https:\/\/restaurante.remenetxe.com\/en\/politicas-de-envio\/","title":{"rendered":"Pol\u00edticas de Envio"},"content":{"rendered":"<div data-elementor-type=\"wp-page\" data-elementor-id=\"3337\" class=\"elementor elementor-3337\" data-elementor-post-type=\"page\">\n\t\t\t\t\t\t<section class=\"elementor-section elementor-inner-section elementor-element elementor-element-a160903 elementor-section-height-default elementor-section-boxed elementor-section-height-default\" data-id=\"a160903\" data-element_type=\"section\" data-e-type=\"section\">\n\t\t\t\t\t\t<div class=\"elementor-container elementor-column-gap-default\">\n\t\t\t\t\t<div class=\"elementor-column elementor-col-100 elementor-top-column elementor-element elementor-element-03f81b6\" data-id=\"03f81b6\" data-element_type=\"column\" data-e-type=\"column\">\n\t\t\t<div class=\"elementor-widget-wrap elementor-element-populated\">\n\t\t\t\t\t\t<div class=\"elementor-element elementor-element-c01588c elementor-widget elementor-widget-text-editor\" data-id=\"c01588c\" data-element_type=\"widget\" data-e-type=\"widget\" data-widget_type=\"text-editor.default\">\n\t\t\t\t\t\t\t\t\t<h1 class=\"western\" align=\"justify\"><strong><b>Pol\u00edtica de env\u00edo<\/b><\/strong><\/h1>\n<p><strong>\u00bfCu\u00e1ndo ser\u00e1 procesado mi pedido?<\/strong><\/p>\n<p>Todos los pedidos se manejan y se env\u00edan desde nuestra tienda en Muxika, Bizkaia. Por favor, espere un tiempo adicional para que su pedido sea procesado durante las vacaciones y las temporadas de rebajas. Procesamos pedidos de lunes a viernes. Los pedidos se procesar\u00e1n dentro de 3-5 d\u00edas h\u00e1biles a partir de la fecha del pedido y se enviar\u00e1n al d\u00eda siguiente despu\u00e9s del d\u00eda de procesamiento. Tenga en cuenta que no enviamos los fines de semana.&nbsp;<\/p>\n<p><strong>\u00bfCu\u00e1nto tiempo llevar\u00e1 recibir mi pedido?<\/strong><\/p>\n<p>Una vez que realice su pedido, espere de 3 a 5 d\u00edas h\u00e1biles para procesar sus pedidos.<\/p>\t\t\t\t\t\t\t\t<\/div>\n\t\t\t\t\t<\/div>\n\t\t<\/div>\n\t\t\t\t\t<\/div>\n\t\t<\/section>\n\t\t\t\t<\/div>","protected":false},"excerpt":{"rendered":"<p>Pol\u00edtica de env\u00edo \u00bfCu\u00e1ndo ser\u00e1 procesado mi pedido? Todos los pedidos se manejan y se env\u00edan desde nuestra tienda en Muxika, Bizkaia. Por favor, espere un tiempo adicional para que su pedido sea procesado durante las vacaciones y las temporadas de rebajas. Procesamos pedidos de lunes a viernes. Los pedidos se procesar\u00e1n dentro de 3-5 [&hellip;]<\/p>\n","protected":false},"author":1,"featured_media":0,"parent":0,"menu_order":0,"comment_status":"closed","ping_status":"closed","template":"elementor_canvas","meta":{"footnotes":""},"class_list":["post-3337","page","type-page","status-publish","hentry"],"yoast_head":"<!-- This site is optimized with the Yoast SEO plugin v27.5 - https:\/\/yoast.com\/product\/yoast-seo-wordpress\/ -->\n<title>Pol\u00edticas de Envio - Restaurante Remenetxe<\/title>\n<meta name=\"robots\" content=\"index, follow, max-snippet:-1, max-image-preview:large, max-video-preview:-1\" \/>\n<link rel=\"canonical\" href=\"https:\/\/restaurante.remenetxe.com\/en\/politicas-de-envio\/\" \/>\n<meta property=\"og:locale\" content=\"en_US\" \/>\n<meta property=\"og:type\" content=\"article\" \/>\n<meta property=\"og:title\" content=\"Pol\u00edticas de Envio - Restaurante Remenetxe\" \/>\n<meta property=\"og:description\" content=\"Pol\u00edtica de env\u00edo \u00bfCu\u00e1ndo ser\u00e1 procesado mi pedido? Todos los pedidos se manejan y se env\u00edan desde nuestra tienda en Muxika, Bizkaia. Por favor, espere un tiempo adicional para que su pedido sea procesado durante las vacaciones y las temporadas de rebajas. Procesamos pedidos de lunes a viernes. Los pedidos se procesar\u00e1n dentro de 3-5 [&hellip;]\" \/>\n<meta property=\"og:url\" content=\"https:\/\/restaurante.remenetxe.com\/en\/politicas-de-envio\/\" \/>\n<meta property=\"og:site_name\" content=\"Restaurante Remenetxe\" \/>\n<meta property=\"article:modified_time\" content=\"2026-02-02T13:25:21+00:00\" \/>\n<meta name=\"twitter:card\" content=\"summary_large_image\" \/>\n<meta name=\"twitter:label1\" content=\"Est. reading time\" \/>\n\t<meta name=\"twitter:data1\" content=\"1 minute\" \/>\n<script type=\"application\/ld+json\" class=\"yoast-schema-graph\">{\"@context\":\"https:\\\/\\\/schema.org\",\"@graph\":[{\"@type\":\"WebPage\",\"@id\":\"https:\\\/\\\/restaurante.remenetxe.com\\\/politicas-de-envio\\\/\",\"url\":\"https:\\\/\\\/restaurante.remenetxe.com\\\/politicas-de-envio\\\/\",\"name\":\"Pol\u00edticas de Envio - Restaurante Remenetxe\",\"isPartOf\":{\"@id\":\"https:\\\/\\\/restaurante.remenetxe.com\\\/#website\"},\"datePublished\":\"2026-02-02T13:15:49+00:00\",\"dateModified\":\"2026-02-02T13:25:21+00:00\",\"breadcrumb\":{\"@id\":\"https:\\\/\\\/restaurante.remenetxe.com\\\/politicas-de-envio\\\/#breadcrumb\"},\"inLanguage\":\"en-US\",\"potentialAction\":[{\"@type\":\"ReadAction\",\"target\":[\"https:\\\/\\\/restaurante.remenetxe.com\\\/politicas-de-envio\\\/\"]}]},{\"@type\":\"BreadcrumbList\",\"@id\":\"https:\\\/\\\/restaurante.remenetxe.com\\\/politicas-de-envio\\\/#breadcrumb\",\"itemListElement\":[{\"@type\":\"ListItem\",\"position\":1,\"name\":\"Portada\",\"item\":\"https:\\\/\\\/restaurante.remenetxe.com\\\/\"},{\"@type\":\"ListItem\",\"position\":2,\"name\":\"Pol\u00edticas de Envio\"}]},{\"@type\":\"WebSite\",\"@id\":\"https:\\\/\\\/restaurante.remenetxe.com\\\/#website\",\"url\":\"https:\\\/\\\/restaurante.remenetxe.com\\\/\",\"name\":\"Restaurante Remenetxe\",\"description\":\"Restaurante Remenetxe\",\"publisher\":{\"@id\":\"https:\\\/\\\/restaurante.remenetxe.com\\\/#organization\"},\"potentialAction\":[{\"@type\":\"SearchAction\",\"target\":{\"@type\":\"EntryPoint\",\"urlTemplate\":\"https:\\\/\\\/restaurante.remenetxe.com\\\/?s={search_term_string}\"},\"query-input\":{\"@type\":\"PropertyValueSpecification\",\"valueRequired\":true,\"valueName\":\"search_term_string\"}}],\"inLanguage\":\"en-US\"},{\"@type\":\"Organization\",\"@id\":\"https:\\\/\\\/restaurante.remenetxe.com\\\/#organization\",\"name\":\"Restaurante Remenetxe\",\"url\":\"https:\\\/\\\/restaurante.remenetxe.com\\\/\",\"logo\":{\"@type\":\"ImageObject\",\"inLanguage\":\"en-US\",\"@id\":\"https:\\\/\\\/restaurante.remenetxe.com\\\/#\\\/schema\\\/logo\\\/image\\\/\",\"url\":\"https:\\\/\\\/restaurante.remenetxe.com\\\/wp-content\\\/uploads\\\/2026\\\/01\\\/cropped-Logotipo_Remenetxe-11.gif\",\"contentUrl\":\"https:\\\/\\\/restaurante.remenetxe.com\\\/wp-content\\\/uploads\\\/2026\\\/01\\\/cropped-Logotipo_Remenetxe-11.gif\",\"width\":1538,\"height\":1436,\"caption\":\"Restaurante Remenetxe\"},\"image\":{\"@id\":\"https:\\\/\\\/restaurante.remenetxe.com\\\/#\\\/schema\\\/logo\\\/image\\\/\"}}]}<\/script>\n<!-- \/ Yoast SEO plugin. -->","yoast_head_json":{"title":"Pol\u00edticas de Envio - Restaurante Remenetxe","robots":{"index":"index","follow":"follow","max-snippet":"max-snippet:-1","max-image-preview":"max-image-preview:large","max-video-preview":"max-video-preview:-1"},"canonical":"https:\/\/restaurante.remenetxe.com\/en\/politicas-de-envio\/","og_locale":"en_US","og_type":"article","og_title":"Pol\u00edticas de Envio - Restaurante Remenetxe","og_description":"Pol\u00edtica de env\u00edo \u00bfCu\u00e1ndo ser\u00e1 procesado mi pedido? Todos los pedidos se manejan y se env\u00edan desde nuestra tienda en Muxika, Bizkaia. Por favor, espere un tiempo adicional para que su pedido sea procesado durante las vacaciones y las temporadas de rebajas. Procesamos pedidos de lunes a viernes. Los pedidos se procesar\u00e1n dentro de 3-5 [&hellip;]","og_url":"https:\/\/restaurante.remenetxe.com\/en\/politicas-de-envio\/","og_site_name":"Restaurante Remenetxe","article_modified_time":"2026-02-02T13:25:21+00:00","twitter_card":"summary_large_image","twitter_misc":{"Est. reading time":"1 minute"},"schema":{"@context":"https:\/\/schema.org","@graph":[{"@type":"WebPage","@id":"https:\/\/restaurante.remenetxe.com\/politicas-de-envio\/","url":"https:\/\/restaurante.remenetxe.com\/politicas-de-envio\/","name":"Pol\u00edticas de Envio - Restaurante Remenetxe","isPartOf":{"@id":"https:\/\/restaurante.remenetxe.com\/#website"},"datePublished":"2026-02-02T13:15:49+00:00","dateModified":"2026-02-02T13:25:21+00:00","breadcrumb":{"@id":"https:\/\/restaurante.remenetxe.com\/politicas-de-envio\/#breadcrumb"},"inLanguage":"en-US","potentialAction":[{"@type":"ReadAction","target":["https:\/\/restaurante.remenetxe.com\/politicas-de-envio\/"]}]},{"@type":"BreadcrumbList","@id":"https:\/\/restaurante.remenetxe.com\/politicas-de-envio\/#breadcrumb","itemListElement":[{"@type":"ListItem","position":1,"name":"Portada","item":"https:\/\/restaurante.remenetxe.com\/"},{"@type":"ListItem","position":2,"name":"Pol\u00edticas de Envio"}]},{"@type":"WebSite","@id":"https:\/\/restaurante.remenetxe.com\/#website","url":"https:\/\/restaurante.remenetxe.com\/","name":"Restaurante Remenetxe","description":"Restaurante Remenetxe","publisher":{"@id":"https:\/\/restaurante.remenetxe.com\/#organization"},"potentialAction":[{"@type":"SearchAction","target":{"@type":"EntryPoint","urlTemplate":"https:\/\/restaurante.remenetxe.com\/?s={search_term_string}"},"query-input":{"@type":"PropertyValueSpecification","valueRequired":true,"valueName":"search_term_string"}}],"inLanguage":"en-US"},{"@type":"Organization","@id":"https:\/\/restaurante.remenetxe.com\/#organization","name":"Restaurante Remenetxe","url":"https:\/\/restaurante.remenetxe.com\/","logo":{"@type":"ImageObject","inLanguage":"en-US","@id":"https:\/\/restaurante.remenetxe.com\/#\/schema\/logo\/image\/","url":"https:\/\/restaurante.remenetxe.com\/wp-content\/uploads\/2026\/01\/cropped-Logotipo_Remenetxe-11.gif","contentUrl":"https:\/\/restaurante.remenetxe.com\/wp-content\/uploads\/2026\/01\/cropped-Logotipo_Remenetxe-11.gif","width":1538,"height":1436,"caption":"Restaurante Remenetxe"},"image":{"@id":"https:\/\/restaurante.remenetxe.com\/#\/schema\/logo\/image\/"}}]}},"_links":{"self":[{"href":"https:\/\/restaurante.remenetxe.com\/en\/wp-json\/wp\/v2\/pages\/3337","targetHints":{"allow":["GET"]}}],"collection":[{"href":"https:\/\/restaurante.remenetxe.com\/en\/wp-json\/wp\/v2\/pages"}],"about":[{"href":"https:\/\/restaurante.remenetxe.com\/en\/wp-json\/wp\/v2\/types\/page"}],"author":[{"embeddable":true,"href":"https:\/\/restaurante.remenetxe.com\/en\/wp-json\/wp\/v2\/users\/1"}],"replies":[{"embeddable":true,"href":"https:\/\/restaurante.remenetxe.com\/en\/wp-json\/wp\/v2\/comments?post=3337"}],"version-history":[{"count":4,"href":"https:\/\/restaurante.remenetxe.com\/en\/wp-json\/wp\/v2\/pages\/3337\/revisions"}],"predecessor-version":[{"id":3352,"href":"https:\/\/restaurante.remenetxe.com\/en\/wp-json\/wp\/v2\/pages\/3337\/revisions\/3352"}],"wp:attachment":[{"href":"https:\/\/restaurante.remenetxe.com\/en\/wp-json\/wp\/v2\/media?parent=3337"}],"curies":[{"name":"wp","href":"https:\/\/api.w.org\/{rel}","templated":true}]}}